{"id":251,"date":"2024-10-05T15:38:05","date_gmt":"2024-10-05T15:38:05","guid":{"rendered":"https:\/\/www.emeraude-vacances.com\/?page_id=251"},"modified":"2026-04-02T08:27:36","modified_gmt":"2026-04-02T08:27:36","slug":"politique-de-confidentialite","status":"publish","type":"page","link":"https:\/\/www.emeraude-vacances.com\/en\/politique-de-confidentialite\/","title":{"rendered":"Privacy Policy"},"content":{"rendered":"<div data-elementor-type=\"wp-page\" data-elementor-id=\"251\" class=\"elementor elementor-251\" data-elementor-post-type=\"page\">\n\t\t\t\t<div class=\"elementor-element elementor-element-f05545f e-flex e-con-boxed e-con e-parent\" data-id=\"f05545f\" data-element_type=\"container\" data-settings=\"{&quot;background_background&quot;:&quot;classic&quot;,&quot;shape_divider_bottom&quot;:&quot;wave-brush&quot;}\">\n\t\t\t\t\t<div class=\"e-con-inner\">\n\t\t\t\t<div class=\"elementor-shape elementor-shape-bottom\" aria-hidden=\"true\" data-negative=\"false\">\n\t\t\t<svg xmlns=\"http:\/\/www.w3.org\/2000\/svg\" viewbox=\"0 0 283.5 27.8\" preserveaspectratio=\"none\">\n\t<path class=\"elementor-shape-fill\" d=\"M283.5,9.7c0,0-7.3,4.3-14,4.6c-6.8,0.3-12.6,0-20.9-1.5c-11.3-2-33.1-10.1-44.7-5.7\ts-12.1,4.6-18,7.4c-6.6,3.2-20,9.6-36.6,9.3C131.6,23.5,99.5,7.2,86.3,8c-1.4,0.1-6.6,0.8-10.5,2c-3.8,1.2-9.4,3.8-17,4.7\tc-3.2,0.4-8.3,1.1-14.2,0.9c-1.5-0.1-6.3-0.4-12-1.6c-5.7-1.2-11-3.1-15.8-3.7C6.5,9.2,0,10.8,0,10.8V0h283.5V9.7z M260.8,11.3\tc-0.7-1-2-0.4-4.3-0.4c-2.3,0-6.1-1.2-5.8-1.1c0.3,0.1,3.1,1.5,6,1.9C259.7,12.2,261.4,12.3,260.8,11.3z M242.4,8.6\tc0,0-2.4-0.2-5.6-0.9c-3.2-0.8-10.3-2.8-15.1-3.5c-8.2-1.1-15.8,0-15.1,0.1c0.8,0.1,9.6-0.6,17.6,1.1c3.3,0.7,9.3,2.2,12.4,2.7\tC239.9,8.7,242.4,8.6,242.4,8.6z M185.2,8.5c1.7-0.7-13.3,4.7-18.5,6.1c-2.1,0.6-6.2,1.6-10,2c-3.9,0.4-8.9,0.4-8.8,0.5\tc0,0.2,5.8,0.8,11.2,0c5.4-0.8,5.2-1.1,7.6-1.6C170.5,14.7,183.5,9.2,185.2,8.5z M199.1,6.9c0.2,0-0.8-0.4-4.8,1.1\tc-4,1.5-6.7,3.5-6.9,3.7c-0.2,0.1,3.5-1.8,6.6-3C197,7.5,199,6.9,199.1,6.9z M283,6c-0.1,0.1-1.9,1.1-4.8,2.5s-6.9,2.8-6.7,2.7\tc0.2,0,3.5-0.6,7.4-2.5C282.8,6.8,283.1,5.9,283,6z M31.3,11.6c0.1-0.2-1.9-0.2-4.5-1.2s-5.4-1.6-7.8-2C15,7.6,7.3,8.5,7.7,8.6\tC8,8.7,15.9,8.3,20.2,9.3c2.2,0.5,2.4,0.5,5.7,1.6S31.2,11.9,31.3,11.6z M73,9.2c0.4-0.1,3.5-1.6,8.4-2.6c4.9-1.1,8.9-0.5,8.9-0.8\tc0-0.3-1-0.9-6.2-0.3S72.6,9.3,73,9.2z M71.6,6.7C71.8,6.8,75,5.4,77.3,5c2.3-0.3,1.9-0.5,1.9-0.6c0-0.1-1.1-0.2-2.7,0.2\tC74.8,5.1,71.4,6.6,71.6,6.7z M93.6,4.4c0.1,0.2,3.5,0.8,5.6,1.8c2.1,1,1.8,0.6,1.9,0.5c0.1-0.1-0.8-0.8-2.4-1.3\tC97.1,4.8,93.5,4.2,93.6,4.4z M65.4,11.1c-0.1,0.3,0.3,0.5,1.9-0.2s2.6-1.3,2.2-1.2s-0.9,0.4-2.5,0.8C65.3,10.9,65.5,10.8,65.4,11.1\tz M34.5,12.4c-0.2,0,2.1,0.8,3.3,0.9c1.2,0.1,2,0.1,2-0.2c0-0.3-0.1-0.5-1.6-0.4C36.6,12.8,34.7,12.4,34.5,12.4z M152.2,21.1\tc-0.1,0.1-2.4-0.3-7.5-0.3c-5,0-13.6-2.4-17.2-3.5c-3.6-1.1,10,3.9,16.5,4.1C150.5,21.6,152.3,21,152.2,21.1z\"\/>\n\t<path class=\"elementor-shape-fill\" d=\"M269.6,18c-0.1-0.1-4.6,0.3-7.2,0c-7.3-0.7-17-3.2-16.6-2.9c0.4,0.3,13.7,3.1,17,3.3\tC267.7,18.8,269.7,18,269.6,18z\"\/>\n\t<path class=\"elementor-shape-fill\" d=\"M227.4,9.8c-0.2-0.1-4.5-1-9.5-1.2c-5-0.2-12.7,0.6-12.3,0.5c0.3-0.1,5.9-1.8,13.3-1.2\tS227.6,9.9,227.4,9.8z\"\/>\n\t<path class=\"elementor-shape-fill\" d=\"M204.5,13.4c-0.1-0.1,2-1,3.2-1.1c1.2-0.1,2,0,2,0.3c0,0.3-0.1,0.5-1.6,0.4\tC206.4,12.9,204.6,13.5,204.5,13.4z\"\/>\n\t<path class=\"elementor-shape-fill\" d=\"M201,10.6c0-0.1-4.4,1.2-6.3,2.2c-1.9,0.9-6.2,3.1-6.1,3.1c0.1,0.1,4.2-1.6,6.3-2.6\tS201,10.7,201,10.6z\"\/>\n\t<path class=\"elementor-shape-fill\" d=\"M154.5,26.7c-0.1-0.1-4.6,0.3-7.2,0c-7.3-0.7-17-3.2-16.6-2.9c0.4,0.3,13.7,3.1,17,3.3\tC152.6,27.5,154.6,26.8,154.5,26.7z\"\/>\n\t<path class=\"elementor-shape-fill\" d=\"M41.9,19.3c0,0,1.2-0.3,2.9-0.1c1.7,0.2,5.8,0.9,8.2,0.7c4.2-0.4,7.4-2.7,7-2.6\tc-0.4,0-4.3,2.2-8.6,1.9c-1.8-0.1-5.1-0.5-6.7-0.4S41.9,19.3,41.9,19.3z\"\/>\n\t<path class=\"elementor-shape-fill\" d=\"M75.5,12.6c0.2,0.1,2-0.8,4.3-1.1c2.3-0.2,2.1-0.3,2.1-0.5c0-0.1-1.8-0.4-3.4,0\tC76.9,11.5,75.3,12.5,75.5,12.6z\"\/>\n\t<path class=\"elementor-shape-fill\" d=\"M15.6,13.2c0-0.1,4.3,0,6.7,0.5c2.4,0.5,5,1.9,5,2c0,0.1-2.7-0.8-5.1-1.4\tC19.9,13.7,15.7,13.3,15.6,13.2z\"\/>\n<\/svg>\t\t<\/div>\n\t\t\t\t<div class=\"elementor-element elementor-element-dbde065 elementor-widget elementor-widget-spacer\" data-id=\"dbde065\" data-element_type=\"widget\" data-widget_type=\"spacer.default\">\n\t\t\t\t<div class=\"elementor-widget-container\">\n\t\t\t\t\t\t\t<div class=\"elementor-spacer\">\n\t\t\t<div class=\"elementor-spacer-inner\"><\/div>\n\t\t<\/div>\n\t\t\t\t\t\t<\/div>\n\t\t\t\t<\/div>\n\t\t\t\t<div class=\"elementor-element elementor-element-f7f1e1a elementor-widget elementor-widget-heading\" data-id=\"f7f1e1a\" data-element_type=\"widget\" data-widget_type=\"heading.default\">\n\t\t\t\t<div class=\"elementor-widget-container\">\n\t\t\t\t\t<h1 class=\"elementor-heading-title elementor-size-default\">Privacy Policy<\/h1>\t\t\t\t<\/div>\n\t\t\t\t<\/div>\n\t\t\t\t<div class=\"elementor-element elementor-element-d3dafb8 elementor-widget elementor-widget-spacer\" data-id=\"d3dafb8\" data-element_type=\"widget\" data-widget_type=\"spacer.default\">\n\t\t\t\t<div class=\"elementor-widget-container\">\n\t\t\t\t\t\t\t<div class=\"elementor-spacer\">\n\t\t\t<div class=\"elementor-spacer-inner\"><\/div>\n\t\t<\/div>\n\t\t\t\t\t\t<\/div>\n\t\t\t\t<\/div>\n\t\t\t\t\t<\/div>\n\t\t\t\t<\/div>\n\t\t<div class=\"elementor-element elementor-element-36afe6d e-flex e-con-boxed e-con e-child\" data-id=\"36afe6d\" data-element_type=\"container\" data-settings=\"{&quot;background_background&quot;:&quot;classic&quot;}\">\n\t\t\t\t\t<div class=\"e-con-inner\">\n\t\t\t\t<div class=\"elementor-element elementor-element-d2ffb1e elementor-widget elementor-widget-heading\" data-id=\"d2ffb1e\" data-element_type=\"widget\" data-widget_type=\"heading.default\">\n\t\t\t\t<div class=\"elementor-widget-container\">\n\t\t\t\t\t<h2 class=\"elementor-heading-title elementor-size-default\">Data Collected<\/h2>\t\t\t\t<\/div>\n\t\t\t\t<\/div>\n\t\t\t\t<div class=\"elementor-element elementor-element-10d02d7 elementor-widget elementor-widget-text-editor\" data-id=\"10d02d7\" data-element_type=\"widget\" data-widget_type=\"text-editor.default\">\n\t\t\t\t<div class=\"elementor-widget-container\">\n\t\t\t\t\t\t\t\t\t<p>Your IP address is anonymized, and the portion that is retained is used solely to identify the country. We collect the type of your internet browser and operating system. The data is automatically deleted within a period that complies with applicable regulations.<\/p><p>If this website contains a contact form, your consent is required in order to use it. We then collect the information you provide to us, such as your name, your email address, and any other relevant information requested in the form. The data is automatically deleted within a period that complies with applicable regulations.<\/p>\t\t\t\t\t\t\t\t<\/div>\n\t\t\t\t<\/div>\n\t\t\t\t<div class=\"elementor-element elementor-element-2a88674 elementor-widget elementor-widget-heading\" data-id=\"2a88674\" data-element_type=\"widget\" data-widget_type=\"heading.default\">\n\t\t\t\t<div class=\"elementor-widget-container\">\n\t\t\t\t\t<h2 class=\"elementor-heading-title elementor-size-default\">Purpose of the Data<\/h2>\t\t\t\t<\/div>\n\t\t\t\t<\/div>\n\t\t\t\t<div class=\"elementor-element elementor-element-c17d4d6 elementor-widget elementor-widget-text-editor\" data-id=\"c17d4d6\" data-element_type=\"widget\" data-widget_type=\"text-editor.default\">\n\t\t\t\t<div class=\"elementor-widget-container\">\n\t\t\t\t\t\t\t\t\t<p>Depending on the circumstances, the hosting provider processes the data collected through the website for the following main purposes:<\/p><ul><li>Managing, processing, and monitoring your requests and communications with the company;<\/li><li>Improving and optimizing the quality and functionality of the website;<\/li><li>Carrying out and preparing studies, analyses, reports, and statistics.<\/li><\/ul>\t\t\t\t\t\t\t\t<\/div>\n\t\t\t\t<\/div>\n\t\t\t\t<div class=\"elementor-element elementor-element-38d2bd1 elementor-widget elementor-widget-heading\" data-id=\"38d2bd1\" data-element_type=\"widget\" data-widget_type=\"heading.default\">\n\t\t\t\t<div class=\"elementor-widget-container\">\n\t\t\t\t\t<h2 class=\"elementor-heading-title elementor-size-default\">Data Management<\/h2>\t\t\t\t<\/div>\n\t\t\t\t<\/div>\n\t\t\t\t<div class=\"elementor-element elementor-element-3b6bf2f elementor-widget elementor-widget-text-editor\" data-id=\"3b6bf2f\" data-element_type=\"widget\" data-widget_type=\"text-editor.default\">\n\t\t\t\t<div class=\"elementor-widget-container\">\n\t\t\t\t\t\t\t\t\t<p>How is consent obtained?<\/p><ul><li>Consent is never assumed by default. We will always ask for your explicit consent, clearly specifying the context in which the data is collected.<\/li><\/ul><p>How can I withdraw my consent or control my data?<\/p><p>Please contact the hosting provider:<\/p><ul><li>If you no longer consent to our use of your data within the agreed framework;<\/li><li>If you wish to access, modify, or delete your personal data.<\/li><\/ul>\t\t\t\t\t\t\t\t<\/div>\n\t\t\t\t<\/div>\n\t\t\t\t<div class=\"elementor-element elementor-element-6e97544 elementor-widget elementor-widget-heading\" data-id=\"6e97544\" data-element_type=\"widget\" data-widget_type=\"heading.default\">\n\t\t\t\t<div class=\"elementor-widget-container\">\n\t\t\t\t\t<h2 class=\"elementor-heading-title elementor-size-default\">Data Recipients<\/h2>\t\t\t\t<\/div>\n\t\t\t\t<\/div>\n\t\t\t\t<div class=\"elementor-element elementor-element-b14d227 elementor-widget elementor-widget-text-editor\" data-id=\"b14d227\" data-element_type=\"widget\" data-widget_type=\"text-editor.default\">\n\t\t\t\t<div class=\"elementor-widget-container\">\n\t\t\t\t\t\t\t\t\t<p>Your personal data is intended for the company\u2019s authorized departments and staff.<\/p><p>It may be disclosed, for certain of the purposes mentioned above, and only where such disclosure is necessary, to personnel who may be involved in the processing of the aforementioned personal data.<\/p>\t\t\t\t\t\t\t\t<\/div>\n\t\t\t\t<\/div>\n\t\t\t\t<div class=\"elementor-element elementor-element-a1def4f elementor-widget elementor-widget-heading\" data-id=\"a1def4f\" data-element_type=\"widget\" data-widget_type=\"heading.default\">\n\t\t\t\t<div class=\"elementor-widget-container\">\n\t\t\t\t\t<h2 class=\"elementor-heading-title elementor-size-default\">Disclosure of Data<\/h2>\t\t\t\t<\/div>\n\t\t\t\t<\/div>\n\t\t\t\t<div class=\"elementor-element elementor-element-b3101c0 elementor-widget elementor-widget-text-editor\" data-id=\"b3101c0\" data-element_type=\"widget\" data-widget_type=\"text-editor.default\">\n\t\t\t\t<div class=\"elementor-widget-container\">\n\t\t\t\t\t\t\t\t\t<p>We may disclose your personal information if required to do so by law.<\/p><p>No server is hosted in the United States: the data handled by the hosting provider is therefore not subject to the Patriot Act.<\/p>\t\t\t\t\t\t\t\t<\/div>\n\t\t\t\t<\/div>\n\t\t\t\t<div class=\"elementor-element elementor-element-8ffc826 elementor-widget elementor-widget-heading\" data-id=\"8ffc826\" data-element_type=\"widget\" data-widget_type=\"heading.default\">\n\t\t\t\t<div class=\"elementor-widget-container\">\n\t\t\t\t\t<h2 class=\"elementor-heading-title elementor-size-default\">Data Security \u2013 for all websites<\/h2>\t\t\t\t<\/div>\n\t\t\t\t<\/div>\n\t\t\t\t<div class=\"elementor-element elementor-element-dbffdd7 elementor-widget elementor-widget-text-editor\" data-id=\"dbffdd7\" data-element_type=\"widget\" data-widget_type=\"text-editor.default\">\n\t\t\t\t<div class=\"elementor-widget-container\">\n\t\t\t\t\t\t\t\t\t<p>All our websites use a high level of encryption.<\/p><p>Your data is collected within the hosting provider\u2019s infrastructure and is protected by a set of measures in accordance with standard industry practices.<\/p><p>We implement industry-recognized standards and practices to ensure an appropriate level of security.<\/p>\t\t\t\t\t\t\t\t<\/div>\n\t\t\t\t<\/div>\n\t\t\t\t<div class=\"elementor-element elementor-element-2144bce elementor-widget elementor-widget-heading\" data-id=\"2144bce\" data-element_type=\"widget\" data-widget_type=\"heading.default\">\n\t\t\t\t<div class=\"elementor-widget-container\">\n\t\t\t\t\t<h2 class=\"elementor-heading-title elementor-size-default\">Links and External Websites<\/h2>\t\t\t\t<\/div>\n\t\t\t\t<\/div>\n\t\t\t\t<div class=\"elementor-element elementor-element-0aee0e8 elementor-widget elementor-widget-text-editor\" data-id=\"0aee0e8\" data-element_type=\"widget\" data-widget_type=\"text-editor.default\">\n\t\t\t\t<div class=\"elementor-widget-container\">\n\t\t\t\t\t\t\t\t\t<p>You may leave this website by clicking on certain links. These links generally open in a new tab. We are not responsible for the content of these external links.<\/p>\t\t\t\t\t\t\t\t<\/div>\n\t\t\t\t<\/div>\n\t\t\t\t<div class=\"elementor-element elementor-element-5fa04a1 elementor-widget elementor-widget-heading\" data-id=\"5fa04a1\" data-element_type=\"widget\" data-widget_type=\"heading.default\">\n\t\t\t\t<div class=\"elementor-widget-container\">\n\t\t\t\t\t<h2 class=\"elementor-heading-title elementor-size-default\">Age of Consent<\/h2>\t\t\t\t<\/div>\n\t\t\t\t<\/div>\n\t\t\t\t<div class=\"elementor-element elementor-element-cfc17d8 elementor-widget elementor-widget-text-editor\" data-id=\"cfc17d8\" data-element_type=\"widget\" data-widget_type=\"text-editor.default\">\n\t\t\t\t<div class=\"elementor-widget-container\">\n\t\t\t\t\t\t\t\t\t<p>By using this site, you represent that you are at least the age of majority in your state and that you have given us your consent to allow any minor dependents under your care to use this website.<\/p>\t\t\t\t\t\t\t\t<\/div>\n\t\t\t\t<\/div>\n\t\t\t\t<div class=\"elementor-element elementor-element-c35472a elementor-widget elementor-widget-heading\" data-id=\"c35472a\" data-element_type=\"widget\" data-widget_type=\"heading.default\">\n\t\t\t\t<div class=\"elementor-widget-container\">\n\t\t\t\t\t<h2 class=\"elementor-heading-title elementor-size-default\">Changes to the Privacy Policy<\/h2>\t\t\t\t<\/div>\n\t\t\t\t<\/div>\n\t\t\t\t<div class=\"elementor-element elementor-element-b65c9ae elementor-widget elementor-widget-text-editor\" data-id=\"b65c9ae\" data-element_type=\"widget\" data-widget_type=\"text-editor.default\">\n\t\t\t\t<div class=\"elementor-widget-container\">\n\t\t\t\t\t\t\t\t\t<p>Please review this privacy policy regularly, as it may be updated at any time. Changes will take effect immediately upon their posting on this website. In addition, all forms collecting personal data on our website include a link to this policy.<\/p>\t\t\t\t\t\t\t\t<\/div>\n\t\t\t\t<\/div>\n\t\t\t\t<div class=\"elementor-element elementor-element-42dfd48 elementor-widget elementor-widget-heading\" data-id=\"42dfd48\" data-element_type=\"widget\" data-widget_type=\"heading.default\">\n\t\t\t\t<div class=\"elementor-widget-container\">\n\t\t\t\t\t<h2 class=\"elementor-heading-title elementor-size-default\">Cookies Used<\/h2>\t\t\t\t<\/div>\n\t\t\t\t<\/div>\n\t\t\t\t<div class=\"elementor-element elementor-element-1c49848 elementor-widget elementor-widget-text-editor\" data-id=\"1c49848\" data-element_type=\"widget\" data-widget_type=\"text-editor.default\">\n\t\t\t\t<div class=\"elementor-widget-container\">\n\t\t\t\t\t\t\t\t\t<p>The website uses GDPR-compliant cookies for:<\/p><ul><li>Functional purposes;<\/li><li>Obtaining anonymous browsing statistics in order to improve the user experience;<\/li><li>Allowing access to a member account and to content that is not accessible without logging in.<\/li><\/ul><div>\u00a0<\/div><p>The user acknowledges being informed of this practice and authorizes the hosting provider to use cookies accordingly.<\/p><p>Cookies are stored only temporarily on the user\u2019s computer. The user may refuse the storage of cookies and configure their browser to be notified before accepting cookies. To do so, the user must adjust their browser settings accordingly.<\/p>\t\t\t\t\t\t\t\t<\/div>\n\t\t\t\t<\/div>\n\t\t\t\t\t<\/div>\n\t\t\t\t<\/div>\n\t\t\t\t<\/div>","protected":false},"excerpt":{"rendered":"<p>Politique de confidentialit\u00e9 Donn\u00e9es recueillies Votre adresse IP est anonymis\u00e9e et la partie conserv\u00e9e n&rsquo;est utilis\u00e9e que pour identifier le pays. Nous recueillons le type de votre navigateur internet et de votre syst\u00e8me d&rsquo;exploitation. Les donn\u00e9es sont automatiquement effac\u00e9es dans un d\u00e9lai conforme \u00e0 la r\u00e9glementation. Si ce site web contient un formulaire de contact, [&hellip;]<\/p>\n","protected":false},"author":9,"featured_media":0,"parent":0,"menu_order":0,"comment_status":"closed","ping_status":"closed","template":"","meta":{"footnotes":""},"class_list":["post-251","page","type-page","status-publish","hentry"],"yoast_head":"<!-- This site is optimized with the Yoast SEO plugin v27.4 - https:\/\/yoast.com\/product\/yoast-seo-wordpress\/ -->\n<title>Politique de confidentialit\u00e9 - \u00c9meraude Vacances<\/title>\n<meta name=\"robots\" content=\"index, follow, max-snippet:-1, max-image-preview:large, max-video-preview:-1\" \/>\n<link rel=\"canonical\" href=\"https:\/\/www.emeraude-vacances.com\/en\/politique-de-confidentialite\/\" \/>\n<meta property=\"og:locale\" content=\"en_GB\" \/>\n<meta property=\"og:type\" content=\"article\" \/>\n<meta property=\"og:title\" content=\"Politique de confidentialit\u00e9 - \u00c9meraude Vacances\" \/>\n<meta property=\"og:description\" content=\"Politique de confidentialit\u00e9 Donn\u00e9es recueillies Votre adresse IP est anonymis\u00e9e et la partie conserv\u00e9e n&rsquo;est utilis\u00e9e que pour identifier le pays. Nous recueillons le type de votre navigateur internet et de votre syst\u00e8me d&rsquo;exploitation. Les donn\u00e9es sont automatiquement effac\u00e9es dans un d\u00e9lai conforme \u00e0 la r\u00e9glementation. Si ce site web contient un formulaire de contact, [&hellip;]\" \/>\n<meta property=\"og:url\" content=\"https:\/\/www.emeraude-vacances.com\/en\/politique-de-confidentialite\/\" \/>\n<meta property=\"og:site_name\" content=\"\u00c9meraude Vacances\" \/>\n<meta property=\"article:modified_time\" content=\"2026-04-02T08:27:36+00:00\" \/>\n<meta name=\"twitter:card\" content=\"summary_large_image\" \/>\n<meta name=\"twitter:label1\" content=\"Estimated reading time\" \/>\n\t<meta name=\"twitter:data1\" content=\"4 minutes\" \/>\n<script type=\"application\/ld+json\" class=\"yoast-schema-graph\">{\"@context\":\"https:\\\/\\\/schema.org\",\"@graph\":[{\"@type\":\"WebPage\",\"@id\":\"https:\\\/\\\/www.emeraude-vacances.com\\\/politique-de-confidentialite\\\/\",\"url\":\"https:\\\/\\\/www.emeraude-vacances.com\\\/politique-de-confidentialite\\\/\",\"name\":\"Politique de confidentialit\u00e9 - \u00c9meraude Vacances\",\"isPartOf\":{\"@id\":\"https:\\\/\\\/www.emeraude-vacances.com\\\/#website\"},\"datePublished\":\"2024-10-05T15:38:05+00:00\",\"dateModified\":\"2026-04-02T08:27:36+00:00\",\"breadcrumb\":{\"@id\":\"https:\\\/\\\/www.emeraude-vacances.com\\\/politique-de-confidentialite\\\/#breadcrumb\"},\"inLanguage\":\"en-GB\",\"potentialAction\":[{\"@type\":\"ReadAction\",\"target\":[\"https:\\\/\\\/www.emeraude-vacances.com\\\/politique-de-confidentialite\\\/\"]}]},{\"@type\":\"BreadcrumbList\",\"@id\":\"https:\\\/\\\/www.emeraude-vacances.com\\\/politique-de-confidentialite\\\/#breadcrumb\",\"itemListElement\":[{\"@type\":\"ListItem\",\"position\":1,\"name\":\"Home\",\"item\":\"https:\\\/\\\/www.emeraude-vacances.com\\\/\"},{\"@type\":\"ListItem\",\"position\":2,\"name\":\"Politique de confidentialit\u00e9\"}]},{\"@type\":\"WebSite\",\"@id\":\"https:\\\/\\\/www.emeraude-vacances.com\\\/#website\",\"url\":\"https:\\\/\\\/www.emeraude-vacances.com\\\/\",\"name\":\"\u00c9meraude Vacances\",\"description\":\"Just another WordPress site\",\"publisher\":{\"@id\":\"https:\\\/\\\/www.emeraude-vacances.com\\\/#organization\"},\"potentialAction\":[{\"@type\":\"SearchAction\",\"target\":{\"@type\":\"EntryPoint\",\"urlTemplate\":\"https:\\\/\\\/www.emeraude-vacances.com\\\/?s={search_term_string}\"},\"query-input\":{\"@type\":\"PropertyValueSpecification\",\"valueRequired\":true,\"valueName\":\"search_term_string\"}}],\"inLanguage\":\"en-GB\"},{\"@type\":\"Organization\",\"@id\":\"https:\\\/\\\/www.emeraude-vacances.com\\\/#organization\",\"name\":\"\u00c9meraude Vacances\",\"url\":\"https:\\\/\\\/www.emeraude-vacances.com\\\/\",\"logo\":{\"@type\":\"ImageObject\",\"inLanguage\":\"en-GB\",\"@id\":\"https:\\\/\\\/www.emeraude-vacances.com\\\/#\\\/schema\\\/logo\\\/image\\\/\",\"url\":\"https:\\\/\\\/www.emeraude-vacances.com\\\/wp-content\\\/uploads\\\/cote-d-emeraude.png\",\"contentUrl\":\"https:\\\/\\\/www.emeraude-vacances.com\\\/wp-content\\\/uploads\\\/cote-d-emeraude.png\",\"width\":756,\"height\":378,\"caption\":\"\u00c9meraude Vacances\"},\"image\":{\"@id\":\"https:\\\/\\\/www.emeraude-vacances.com\\\/#\\\/schema\\\/logo\\\/image\\\/\"}}]}<\/script>\n<!-- \/ Yoast SEO plugin. -->","yoast_head_json":{"title":"Politique de confidentialit\u00e9 - \u00c9meraude Vacances","robots":{"index":"index","follow":"follow","max-snippet":"max-snippet:-1","max-image-preview":"max-image-preview:large","max-video-preview":"max-video-preview:-1"},"canonical":"https:\/\/www.emeraude-vacances.com\/en\/politique-de-confidentialite\/","og_locale":"en_GB","og_type":"article","og_title":"Politique de confidentialit\u00e9 - \u00c9meraude Vacances","og_description":"Politique de confidentialit\u00e9 Donn\u00e9es recueillies Votre adresse IP est anonymis\u00e9e et la partie conserv\u00e9e n&rsquo;est utilis\u00e9e que pour identifier le pays. Nous recueillons le type de votre navigateur internet et de votre syst\u00e8me d&rsquo;exploitation. Les donn\u00e9es sont automatiquement effac\u00e9es dans un d\u00e9lai conforme \u00e0 la r\u00e9glementation. Si ce site web contient un formulaire de contact, [&hellip;]","og_url":"https:\/\/www.emeraude-vacances.com\/en\/politique-de-confidentialite\/","og_site_name":"\u00c9meraude Vacances","article_modified_time":"2026-04-02T08:27:36+00:00","twitter_card":"summary_large_image","twitter_misc":{"Estimated reading time":"4 minutes"},"schema":{"@context":"https:\/\/schema.org","@graph":[{"@type":"WebPage","@id":"https:\/\/www.emeraude-vacances.com\/politique-de-confidentialite\/","url":"https:\/\/www.emeraude-vacances.com\/politique-de-confidentialite\/","name":"Politique de confidentialit\u00e9 - \u00c9meraude Vacances","isPartOf":{"@id":"https:\/\/www.emeraude-vacances.com\/#website"},"datePublished":"2024-10-05T15:38:05+00:00","dateModified":"2026-04-02T08:27:36+00:00","breadcrumb":{"@id":"https:\/\/www.emeraude-vacances.com\/politique-de-confidentialite\/#breadcrumb"},"inLanguage":"en-GB","potentialAction":[{"@type":"ReadAction","target":["https:\/\/www.emeraude-vacances.com\/politique-de-confidentialite\/"]}]},{"@type":"BreadcrumbList","@id":"https:\/\/www.emeraude-vacances.com\/politique-de-confidentialite\/#breadcrumb","itemListElement":[{"@type":"ListItem","position":1,"name":"Home","item":"https:\/\/www.emeraude-vacances.com\/"},{"@type":"ListItem","position":2,"name":"Politique de confidentialit\u00e9"}]},{"@type":"WebSite","@id":"https:\/\/www.emeraude-vacances.com\/#website","url":"https:\/\/www.emeraude-vacances.com\/","name":"\u00c9meraude Vacances","description":"Just another WordPress site","publisher":{"@id":"https:\/\/www.emeraude-vacances.com\/#organization"},"potentialAction":[{"@type":"SearchAction","target":{"@type":"EntryPoint","urlTemplate":"https:\/\/www.emeraude-vacances.com\/?s={search_term_string}"},"query-input":{"@type":"PropertyValueSpecification","valueRequired":true,"valueName":"search_term_string"}}],"inLanguage":"en-GB"},{"@type":"Organization","@id":"https:\/\/www.emeraude-vacances.com\/#organization","name":"\u00c9meraude Vacances","url":"https:\/\/www.emeraude-vacances.com\/","logo":{"@type":"ImageObject","inLanguage":"en-GB","@id":"https:\/\/www.emeraude-vacances.com\/#\/schema\/logo\/image\/","url":"https:\/\/www.emeraude-vacances.com\/wp-content\/uploads\/cote-d-emeraude.png","contentUrl":"https:\/\/www.emeraude-vacances.com\/wp-content\/uploads\/cote-d-emeraude.png","width":756,"height":378,"caption":"\u00c9meraude Vacances"},"image":{"@id":"https:\/\/www.emeraude-vacances.com\/#\/schema\/logo\/image\/"}}]}},"_links":{"self":[{"href":"https:\/\/www.emeraude-vacances.com\/en\/wp-json\/wp\/v2\/pages\/251","targetHints":{"allow":["GET"]}}],"collection":[{"href":"https:\/\/www.emeraude-vacances.com\/en\/wp-json\/wp\/v2\/pages"}],"about":[{"href":"https:\/\/www.emeraude-vacances.com\/en\/wp-json\/wp\/v2\/types\/page"}],"author":[{"embeddable":true,"href":"https:\/\/www.emeraude-vacances.com\/en\/wp-json\/wp\/v2\/users\/9"}],"replies":[{"embeddable":true,"href":"https:\/\/www.emeraude-vacances.com\/en\/wp-json\/wp\/v2\/comments?post=251"}],"version-history":[{"count":5,"href":"https:\/\/www.emeraude-vacances.com\/en\/wp-json\/wp\/v2\/pages\/251\/revisions"}],"predecessor-version":[{"id":1407,"href":"https:\/\/www.emeraude-vacances.com\/en\/wp-json\/wp\/v2\/pages\/251\/revisions\/1407"}],"wp:attachment":[{"href":"https:\/\/www.emeraude-vacances.com\/en\/wp-json\/wp\/v2\/media?parent=251"}],"curies":[{"name":"wp","href":"https:\/\/api.w.org\/{rel}","templated":true}]}}