{"id":307,"date":"2026-02-26T13:36:36","date_gmt":"2026-02-26T13:36:36","guid":{"rendered":"https:\/\/www.emeraude-vacances.com\/?page_id=307"},"modified":"2026-04-15T12:12:57","modified_gmt":"2026-04-15T12:12:57","slug":"contact","status":"publish","type":"page","link":"https:\/\/www.emeraude-vacances.com\/de\/contact\/","title":{"rendered":"Kontakt"},"content":{"rendered":"<div data-elementor-type=\"wp-page\" data-elementor-id=\"307\" class=\"elementor elementor-307\" data-elementor-post-type=\"page\">\n\t\t\t\t<div class=\"elementor-element elementor-element-ac90403 e-flex e-con-boxed e-con e-parent\" data-id=\"ac90403\" data-element_type=\"container\">\n\t\t\t\t\t<div class=\"e-con-inner\">\n\t\t<div class=\"elementor-element elementor-element-87a9811 e-con-full e-flex e-con e-child\" data-id=\"87a9811\" data-element_type=\"container\">\n\t\t\t\t<div class=\"elementor-element elementor-element-2c61504 elementor-widget elementor-widget-theme-site-logo elementor-widget-image\" data-id=\"2c61504\" data-element_type=\"widget\" data-widget_type=\"theme-site-logo.default\">\n\t\t\t\t<div class=\"elementor-widget-container\">\n\t\t\t\t\t\t\t\t\t\t\t<a href=\"https:\/\/www.emeraude-vacances.com\/de\">\n\t\t\t<img fetchpriority=\"high\" decoding=\"async\" width=\"756\" height=\"378\" src=\"https:\/\/www.emeraude-vacances.com\/wp-content\/uploads\/cote-d-emeraude.png\" class=\"attachment-full size-full wp-image-270\" alt=\"\u00c9meraudes Vacances\" srcset=\"https:\/\/www.emeraude-vacances.com\/wp-content\/uploads\/cote-d-emeraude.png 756w, https:\/\/www.emeraude-vacances.com\/wp-content\/uploads\/cote-d-emeraude-300x150.png 300w\" sizes=\"(max-width: 756px) 100vw, 756px\" \/>\t\t\t\t<\/a>\n\t\t\t\t\t\t\t\t\t\t\t<\/div>\n\t\t\t\t<\/div>\n\t\t\t\t<div class=\"elementor-element elementor-element-58408b8 elementor-widget elementor-widget-image\" data-id=\"58408b8\" data-element_type=\"widget\" data-widget_type=\"image.default\">\n\t\t\t\t<div class=\"elementor-widget-container\">\n\t\t\t\t\t\t\t\t\t\t\t\t\t\t\t<img decoding=\"async\" width=\"470\" height=\"800\" src=\"https:\/\/www.emeraude-vacances.com\/wp-content\/uploads\/carte-campings-ile-d-oleron.png\" class=\"attachment-full size-full wp-image-523\" alt=\"\" srcset=\"https:\/\/www.emeraude-vacances.com\/wp-content\/uploads\/carte-campings-ile-d-oleron.png 470w, https:\/\/www.emeraude-vacances.com\/wp-content\/uploads\/carte-campings-ile-d-oleron-176x300.png 176w\" sizes=\"(max-width: 470px) 100vw, 470px\" \/>\t\t\t\t\t\t\t\t\t\t\t\t\t\t\t<\/div>\n\t\t\t\t<\/div>\n\t\t\t\t<\/div>\n\t\t<div class=\"elementor-element elementor-element-a394f49 e-con-full e-flex e-con e-child\" data-id=\"a394f49\" data-element_type=\"container\">\n\t\t\t\t<div class=\"elementor-element elementor-element-9640ca5 elementor-widget elementor-widget-heading\" data-id=\"9640ca5\" data-element_type=\"widget\" data-widget_type=\"heading.default\">\n\t\t\t\t<div class=\"elementor-widget-container\">\n\t\t\t\t\t<h2 class=\"elementor-heading-title elementor-size-default\">Kontaktformular<\/h2>\t\t\t\t<\/div>\n\t\t\t\t<\/div>\n\t\t\t\t<div class=\"elementor-element elementor-element-253aa41 elementor-widget elementor-widget-text-editor\" data-id=\"253aa41\" data-element_type=\"widget\" data-widget_type=\"text-editor.default\">\n\t\t\t\t<div class=\"elementor-widget-container\">\n\t\t\t\t\t\t\t\t\t<p>\n<div class=\"wpcf7 no-js\" id=\"wpcf7-f4-o1\" lang=\"fr-FR\" dir=\"ltr\" data-wpcf7-id=\"4\">\n<div class=\"screen-reader-response\"><p role=\"status\" aria-live=\"polite\" aria-atomic=\"true\"><\/p> <ul><\/ul><\/div>\n<form action=\"\/de\/wp-json\/wp\/v2\/pages\/307#wpcf7-f4-o1\" method=\"post\" class=\"wpcf7-form init wpcf7-acceptance-as-validation\" aria-label=\"Kontaktformular\" novalidate=\"novalidate\" data-status=\"init\" data-trp-original-action=\"\/de\/wp-json\/wp\/v2\/pages\/307#wpcf7-f4-o1\">\n<fieldset class=\"hidden-fields-container\"><input type=\"hidden\" name=\"_wpcf7\" value=\"4\" \/><input type=\"hidden\" name=\"_wpcf7_version\" value=\"6.1.5\" \/><input type=\"hidden\" name=\"_wpcf7_locale\" value=\"fr_FR\" \/><input type=\"hidden\" name=\"_wpcf7_unit_tag\" value=\"wpcf7-f4-o1\" \/><input type=\"hidden\" name=\"_wpcf7_container_post\" value=\"0\" \/><input type=\"hidden\" name=\"_wpcf7_posted_data_hash\" value=\"\" \/>\n<\/fieldset>\n<p><label> Unterkunft ausw\u00e4hlen <a style=\"color:red\">*<\/a><br \/>\n<span class=\"wpcf7-form-control-wrap\" data-name=\"your-camping\"><select class=\"wpcf7-form-control wpcf7-select wpcf7-validates-as-required\" aria-required=\"true\" aria-invalid=\"false\" name=\"your-camping\"><option value=\"\">&#8212;Veuillez choisir une option&#8212;<\/option><option value=\"Camping Barataud\">Campingplatz Barataud<\/option><option value=\"R\u00e9sidence Les Aliz\u00e9s\">die Ferienresidenz Les Aliz\u00e9s<\/option><option value=\"Camping Phare Ouest\">Campingplatz Phare Ouest<\/option><\/select><\/span><br \/>\n<\/label>\n<\/p>\n<p><label> Vorname<a style=\"color:red\">*<\/a> <span class=\"wpcf7-form-control-wrap\" data-name=\"your-surname\"><input size=\"40\" maxlength=\"400\" class=\"wpcf7-form-control wpcf7-text wpcf7-validates-as-required\" aria-required=\"true\" aria-invalid=\"false\" value=\"\" type=\"text\" name=\"your-surname\" \/><\/span> <\/label>\n<\/p>\n<p><label> Nachname<a style=\"color:red\">*<\/a> <span class=\"wpcf7-form-control-wrap\" data-name=\"your-name\"><input size=\"40\" maxlength=\"400\" class=\"wpcf7-form-control wpcf7-text wpcf7-validates-as-required\" aria-required=\"true\" aria-invalid=\"false\" value=\"\" type=\"text\" name=\"your-name\" \/><\/span> <\/label>\n<\/p>\n<p><label> E-Mail <a style=\"color:red\">*<\/a> <span class=\"wpcf7-form-control-wrap\" data-name=\"your-email\"><input size=\"40\" maxlength=\"400\" class=\"wpcf7-form-control wpcf7-email wpcf7-validates-as-required wpcf7-text wpcf7-validates-as-email\" aria-required=\"true\" aria-invalid=\"false\" value=\"\" type=\"email\" name=\"your-email\" \/><\/span> <\/label>\n<\/p>\n<p><label> Telefonnummer <a style=\"color:red\">*<\/a> <span class=\"wpcf7-form-control-wrap\" data-name=\"your-phone\"><input size=\"14\" maxlength=\"400\" class=\"wpcf7-form-control wpcf7-text wpcf7-validates-as-required\" aria-required=\"true\" aria-invalid=\"false\" value=\"\" type=\"text\" name=\"your-phone\" \/><\/span> <\/label>\n<\/p>\n<p><label> Betreff <a style=\"color:red\">*<\/a> <span class=\"wpcf7-form-control-wrap\" data-name=\"your-subject\"><input size=\"40\" maxlength=\"400\" class=\"wpcf7-form-control wpcf7-text wpcf7-validates-as-required\" aria-required=\"true\" aria-invalid=\"false\" value=\"\" type=\"text\" name=\"your-subject\" \/><\/span> <\/label>\n<\/p>\n<p><label> Ihre Nachricht <span class=\"wpcf7-form-control-wrap\" data-name=\"your-message\"><textarea cols=\"40\" rows=\"10\" maxlength=\"2000\" class=\"wpcf7-form-control wpcf7-textarea\" aria-invalid=\"false\" name=\"your-message\"><\/textarea><\/span> <\/label>\n<\/p>\n<p><label> <a style=\"color:red\">*<\/a>Pflichtfeld <\/label>\n<\/p>\n<p><span class=\"wpcf7-form-control-wrap\" data-name=\"your-gdpr\"><span class=\"wpcf7-form-control wpcf7-acceptance\"><span class=\"wpcf7-list-item\"><label class=\"translation-block\"><input type=\"checkbox\" name=\"your-gdpr\" value=\"1\" aria-invalid=\"false\"><span class=\"wpcf7-list-item-label\">En cochant cette case, vous acceptez la <a href=\"https:\/\/www.emeraude-vacances.com\/de\/confidentialite\/\" target=\"_blank\">politique de confidentialit\u00e9<\/a> du site.<\/span><\/label><\/span><\/span><\/span><br \/>\nBy checking this box you accept the site&rsquo;s <a https:>privacy policy<\/a>.<br \/>\nMit dem Ankreuzen dieses K\u00e4stchens stimmen Sie der <a https:>Datenschutzerkl\u00e4rung<\/a> dieser Website zu.\n<\/p>\n<p><span id=\"ai1ic-Ej0wc\" data-toggle=\"\" class=\"cf7ic-loader\">Loading&#8230;<\/span>\n<\/p>\n<p><input class=\"wpcf7-form-control wpcf7-submit has-spinner\" type=\"submit\" value=\"Senden\" \/>\n<\/p><div class=\"wpcf7-response-output\" aria-hidden=\"true\"><\/div>\n<input type=\"hidden\" name=\"trp-form-language\" value=\"de\"\/><\/form>\n<\/div>\n<\/p>\t\t\t\t\t\t\t\t<\/div>\n\t\t\t\t<\/div>\n\t\t\t\t<\/div>\n\t\t\t\t\t<\/div>\n\t\t\t\t<\/div>\n\t\t<div class=\"elementor-element elementor-element-8d0523e e-flex e-con-boxed e-con e-parent\" data-id=\"8d0523e\" data-element_type=\"container\">\n\t\t\t\t\t<div class=\"e-con-inner\">\n\t\t\t\t<div class=\"elementor-element elementor-element-32dbe3c elementor-widget elementor-widget-spacer\" data-id=\"32dbe3c\" data-element_type=\"widget\" data-widget_type=\"spacer.default\">\n\t\t\t\t<div class=\"elementor-widget-container\">\n\t\t\t\t\t\t\t<div class=\"elementor-spacer\">\n\t\t\t<div class=\"elementor-spacer-inner\"><\/div>\n\t\t<\/div>\n\t\t\t\t\t\t<\/div>\n\t\t\t\t<\/div>\n\t\t\t\t\t<\/div>\n\t\t\t\t<\/div>\n\t\t<div class=\"elementor-element elementor-element-ba71233 e-flex e-con-boxed e-con e-parent\" data-id=\"ba71233\" data-element_type=\"container\">\n\t\t\t\t\t<div class=\"e-con-inner\">\n\t\t\t\t<div class=\"elementor-element elementor-element-f030598 elementor-widget elementor-widget-text-editor\" data-id=\"f030598\" data-element_type=\"widget\" data-widget_type=\"text-editor.default\">\n\t\t\t\t<div class=\"elementor-widget-container\">\n\t\t\t\t\t\t\t\t\t<p>Entdecken Sie unsere Ferienunterk\u00fcnfte in Saint-Denis-d\u2019Ol\u00e9ron.<\/p>\t\t\t\t\t\t\t\t<\/div>\n\t\t\t\t<\/div>\n\t\t<div class=\"elementor-element elementor-element-388b11a e-con-full e-flex e-con e-child\" data-id=\"388b11a\" data-element_type=\"container\" data-settings=\"{&quot;background_background&quot;:&quot;classic&quot;}\">\n\t\t\t\t<div class=\"elementor-element elementor-element-63e1c62 e-transform elementor-widget elementor-widget-image\" data-id=\"63e1c62\" data-element_type=\"widget\" data-settings=\"{&quot;_transform_scale_effect_hover&quot;:{&quot;unit&quot;:&quot;px&quot;,&quot;size&quot;:1.1,&quot;sizes&quot;:[]},&quot;_transform_scale_effect_hover_tablet&quot;:{&quot;unit&quot;:&quot;px&quot;,&quot;size&quot;:&quot;&quot;,&quot;sizes&quot;:[]},&quot;_transform_scale_effect_hover_mobile&quot;:{&quot;unit&quot;:&quot;px&quot;,&quot;size&quot;:&quot;&quot;,&quot;sizes&quot;:[]}}\" data-widget_type=\"image.default\">\n\t\t\t\t<div class=\"elementor-widget-container\">\n\t\t\t\t\t\t\t\t\t\t\t\t\t\t\t\t<a href=\"https:\/\/www.emeraude-vacances.com\/de\/campingplatz-barataud\/\">\n\t\t\t\t\t\t\t<img decoding=\"async\" width=\"375\" height=\"107\" src=\"https:\/\/www.emeraude-vacances.com\/wp-content\/uploads\/logo-camping_barataud-oleron.png\" class=\"attachment-full size-full wp-image-272\" alt=\"\" srcset=\"https:\/\/www.emeraude-vacances.com\/wp-content\/uploads\/logo-camping_barataud-oleron.png 375w, https:\/\/www.emeraude-vacances.com\/wp-content\/uploads\/logo-camping_barataud-oleron-300x86.png 300w\" sizes=\"(max-width: 375px) 100vw, 375px\" \/>\t\t\t\t\t\t\t\t<\/a>\n\t\t\t\t\t\t\t\t\t\t\t\t\t\t\t<\/div>\n\t\t\t\t<\/div>\n\t\t\t\t<div class=\"elementor-element elementor-element-1e74324 e-transform elementor-widget elementor-widget-image\" data-id=\"1e74324\" data-element_type=\"widget\" data-settings=\"{&quot;_transform_scale_effect_hover&quot;:{&quot;unit&quot;:&quot;px&quot;,&quot;size&quot;:1.1,&quot;sizes&quot;:[]},&quot;_transform_scale_effect_hover_tablet&quot;:{&quot;unit&quot;:&quot;px&quot;,&quot;size&quot;:&quot;&quot;,&quot;sizes&quot;:[]},&quot;_transform_scale_effect_hover_mobile&quot;:{&quot;unit&quot;:&quot;px&quot;,&quot;size&quot;:&quot;&quot;,&quot;sizes&quot;:[]}}\" data-widget_type=\"image.default\">\n\t\t\t\t<div class=\"elementor-widget-container\">\n\t\t\t\t\t\t\t\t\t\t\t\t\t\t\t\t<a href=\"https:\/\/www.emeraude-vacances.com\/de\/ferienresidenz-les-alizes\/\">\n\t\t\t\t\t\t\t<img loading=\"lazy\" decoding=\"async\" width=\"163\" height=\"130\" src=\"https:\/\/www.emeraude-vacances.com\/wp-content\/uploads\/logo-residence-alizes-ile-oleron.png\" class=\"attachment-full size-full wp-image-274\" alt=\"\" \/>\t\t\t\t\t\t\t\t<\/a>\n\t\t\t\t\t\t\t\t\t\t\t\t\t\t\t<\/div>\n\t\t\t\t<\/div>\n\t\t\t\t<div class=\"elementor-element elementor-element-8ba43de e-transform elementor-widget elementor-widget-image\" data-id=\"8ba43de\" data-element_type=\"widget\" data-settings=\"{&quot;_transform_scale_effect_hover&quot;:{&quot;unit&quot;:&quot;px&quot;,&quot;size&quot;:1.1,&quot;sizes&quot;:[]},&quot;_transform_scale_effect_hover_tablet&quot;:{&quot;unit&quot;:&quot;px&quot;,&quot;size&quot;:&quot;&quot;,&quot;sizes&quot;:[]},&quot;_transform_scale_effect_hover_mobile&quot;:{&quot;unit&quot;:&quot;px&quot;,&quot;size&quot;:&quot;&quot;,&quot;sizes&quot;:[]}}\" data-widget_type=\"image.default\">\n\t\t\t\t<div class=\"elementor-widget-container\">\n\t\t\t\t\t\t\t\t\t\t\t\t\t\t\t\t<a href=\"https:\/\/www.emeraude-vacances.com\/de\/campingplatz-phare-ouest\/\">\n\t\t\t\t\t\t\t<img loading=\"lazy\" decoding=\"async\" width=\"375\" height=\"107\" src=\"https:\/\/www.emeraude-vacances.com\/wp-content\/uploads\/logo-camping_phare_ouest-oleron.png\" class=\"attachment-full size-full wp-image-273\" alt=\"\" srcset=\"https:\/\/www.emeraude-vacances.com\/wp-content\/uploads\/logo-camping_phare_ouest-oleron.png 375w, https:\/\/www.emeraude-vacances.com\/wp-content\/uploads\/logo-camping_phare_ouest-oleron-300x86.png 300w\" sizes=\"(max-width: 375px) 100vw, 375px\" \/>\t\t\t\t\t\t\t\t<\/a>\n\t\t\t\t\t\t\t\t\t\t\t\t\t\t\t<\/div>\n\t\t\t\t<\/div>\n\t\t\t\t<\/div>\n\t\t\t\t\t<\/div>\n\t\t\t\t<\/div>\n\t\t\t\t<\/div>","protected":false},"excerpt":{"rendered":"<p>Formulaire de contact D\u00e9couvrez nos lieux de r\u00e9sidence vacances \u00e0 Saint-Denis d&rsquo;Ol\u00e9ron.<\/p>","protected":false},"author":11,"featured_media":0,"parent":0,"menu_order":0,"comment_status":"closed","ping_status":"closed","template":"","meta":{"footnotes":""},"class_list":["post-307","page","type-page","status-publish","hentry"],"yoast_head":"<!-- This site is optimized with the Yoast SEO plugin v27.4 - https:\/\/yoast.com\/product\/yoast-seo-wordpress\/ -->\n<title>Contact - \u00c9meraude Vacances<\/title>\n<meta name=\"robots\" content=\"index, follow, max-snippet:-1, max-image-preview:large, max-video-preview:-1\" \/>\n<link rel=\"canonical\" href=\"https:\/\/www.emeraude-vacances.com\/de\/contact\/\" \/>\n<meta property=\"og:locale\" content=\"de_DE\" \/>\n<meta property=\"og:type\" content=\"article\" \/>\n<meta property=\"og:title\" content=\"Contact - \u00c9meraude Vacances\" \/>\n<meta property=\"og:description\" content=\"Formulaire de contact D\u00e9couvrez nos lieux de r\u00e9sidence vacances \u00e0 Saint-Denis d&rsquo;Ol\u00e9ron.\" \/>\n<meta property=\"og:url\" content=\"https:\/\/www.emeraude-vacances.com\/de\/contact\/\" \/>\n<meta property=\"og:site_name\" content=\"\u00c9meraude Vacances\" \/>\n<meta property=\"article:modified_time\" content=\"2026-04-15T12:12:57+00:00\" \/>\n<meta property=\"og:image\" content=\"https:\/\/www.emeraude-vacances.com\/wp-content\/uploads\/carte-campings-ile-d-oleron.png\" \/>\n\t<meta property=\"og:image:width\" content=\"470\" \/>\n\t<meta property=\"og:image:height\" content=\"800\" \/>\n\t<meta property=\"og:image:type\" content=\"image\/png\" \/>\n<meta name=\"twitter:card\" content=\"summary_large_image\" \/>\n<meta name=\"twitter:label1\" content=\"Gesch\u00e4tzte Lesezeit\" \/>\n\t<meta name=\"twitter:data1\" content=\"2\u00a0Minuten\" \/>\n<script type=\"application\/ld+json\" class=\"yoast-schema-graph\">{\"@context\":\"https:\\\/\\\/schema.org\",\"@graph\":[{\"@type\":\"WebPage\",\"@id\":\"https:\\\/\\\/www.emeraude-vacances.com\\\/contact\\\/\",\"url\":\"https:\\\/\\\/www.emeraude-vacances.com\\\/contact\\\/\",\"name\":\"Contact - \u00c9meraude Vacances\",\"isPartOf\":{\"@id\":\"https:\\\/\\\/www.emeraude-vacances.com\\\/#website\"},\"primaryImageOfPage\":{\"@id\":\"https:\\\/\\\/www.emeraude-vacances.com\\\/contact\\\/#primaryimage\"},\"image\":{\"@id\":\"https:\\\/\\\/www.emeraude-vacances.com\\\/contact\\\/#primaryimage\"},\"thumbnailUrl\":\"https:\\\/\\\/www.emeraude-vacances.com\\\/wp-content\\\/uploads\\\/carte-campings-ile-d-oleron.png\",\"datePublished\":\"2026-02-26T13:36:36+00:00\",\"dateModified\":\"2026-04-15T12:12:57+00:00\",\"breadcrumb\":{\"@id\":\"https:\\\/\\\/www.emeraude-vacances.com\\\/contact\\\/#breadcrumb\"},\"inLanguage\":\"de\",\"potentialAction\":[{\"@type\":\"ReadAction\",\"target\":[\"https:\\\/\\\/www.emeraude-vacances.com\\\/contact\\\/\"]}]},{\"@type\":\"ImageObject\",\"inLanguage\":\"de\",\"@id\":\"https:\\\/\\\/www.emeraude-vacances.com\\\/contact\\\/#primaryimage\",\"url\":\"https:\\\/\\\/www.emeraude-vacances.com\\\/wp-content\\\/uploads\\\/carte-campings-ile-d-oleron.png\",\"contentUrl\":\"https:\\\/\\\/www.emeraude-vacances.com\\\/wp-content\\\/uploads\\\/carte-campings-ile-d-oleron.png\"},{\"@type\":\"BreadcrumbList\",\"@id\":\"https:\\\/\\\/www.emeraude-vacances.com\\\/contact\\\/#breadcrumb\",\"itemListElement\":[{\"@type\":\"ListItem\",\"position\":1,\"name\":\"Home\",\"item\":\"https:\\\/\\\/www.emeraude-vacances.com\\\/\"},{\"@type\":\"ListItem\",\"position\":2,\"name\":\"Contact\"}]},{\"@type\":\"WebSite\",\"@id\":\"https:\\\/\\\/www.emeraude-vacances.com\\\/#website\",\"url\":\"https:\\\/\\\/www.emeraude-vacances.com\\\/\",\"name\":\"\u00c9meraude Vacances\",\"description\":\"Just another WordPress site\",\"publisher\":{\"@id\":\"https:\\\/\\\/www.emeraude-vacances.com\\\/#organization\"},\"potentialAction\":[{\"@type\":\"SearchAction\",\"target\":{\"@type\":\"EntryPoint\",\"urlTemplate\":\"https:\\\/\\\/www.emeraude-vacances.com\\\/?s={search_term_string}\"},\"query-input\":{\"@type\":\"PropertyValueSpecification\",\"valueRequired\":true,\"valueName\":\"search_term_string\"}}],\"inLanguage\":\"de\"},{\"@type\":\"Organization\",\"@id\":\"https:\\\/\\\/www.emeraude-vacances.com\\\/#organization\",\"name\":\"\u00c9meraude Vacances\",\"url\":\"https:\\\/\\\/www.emeraude-vacances.com\\\/\",\"logo\":{\"@type\":\"ImageObject\",\"inLanguage\":\"de\",\"@id\":\"https:\\\/\\\/www.emeraude-vacances.com\\\/#\\\/schema\\\/logo\\\/image\\\/\",\"url\":\"https:\\\/\\\/www.emeraude-vacances.com\\\/wp-content\\\/uploads\\\/cote-d-emeraude.png\",\"contentUrl\":\"https:\\\/\\\/www.emeraude-vacances.com\\\/wp-content\\\/uploads\\\/cote-d-emeraude.png\",\"width\":756,\"height\":378,\"caption\":\"\u00c9meraude Vacances\"},\"image\":{\"@id\":\"https:\\\/\\\/www.emeraude-vacances.com\\\/#\\\/schema\\\/logo\\\/image\\\/\"}}]}<\/script>\n<!-- \/ Yoast SEO plugin. -->","yoast_head_json":{"title":"Contact - \u00c9meraude Vacances","robots":{"index":"index","follow":"follow","max-snippet":"max-snippet:-1","max-image-preview":"max-image-preview:large","max-video-preview":"max-video-preview:-1"},"canonical":"https:\/\/www.emeraude-vacances.com\/de\/contact\/","og_locale":"de_DE","og_type":"article","og_title":"Contact - \u00c9meraude Vacances","og_description":"Formulaire de contact D\u00e9couvrez nos lieux de r\u00e9sidence vacances \u00e0 Saint-Denis d&rsquo;Ol\u00e9ron.","og_url":"https:\/\/www.emeraude-vacances.com\/de\/contact\/","og_site_name":"\u00c9meraude Vacances","article_modified_time":"2026-04-15T12:12:57+00:00","og_image":[{"width":470,"height":800,"url":"https:\/\/www.emeraude-vacances.com\/wp-content\/uploads\/carte-campings-ile-d-oleron.png","type":"image\/png"}],"twitter_card":"summary_large_image","twitter_misc":{"Gesch\u00e4tzte Lesezeit":"2\u00a0Minuten"},"schema":{"@context":"https:\/\/schema.org","@graph":[{"@type":"WebPage","@id":"https:\/\/www.emeraude-vacances.com\/contact\/","url":"https:\/\/www.emeraude-vacances.com\/contact\/","name":"Contact - \u00c9meraude Vacances","isPartOf":{"@id":"https:\/\/www.emeraude-vacances.com\/#website"},"primaryImageOfPage":{"@id":"https:\/\/www.emeraude-vacances.com\/contact\/#primaryimage"},"image":{"@id":"https:\/\/www.emeraude-vacances.com\/contact\/#primaryimage"},"thumbnailUrl":"https:\/\/www.emeraude-vacances.com\/wp-content\/uploads\/carte-campings-ile-d-oleron.png","datePublished":"2026-02-26T13:36:36+00:00","dateModified":"2026-04-15T12:12:57+00:00","breadcrumb":{"@id":"https:\/\/www.emeraude-vacances.com\/contact\/#breadcrumb"},"inLanguage":"de","potentialAction":[{"@type":"ReadAction","target":["https:\/\/www.emeraude-vacances.com\/contact\/"]}]},{"@type":"ImageObject","inLanguage":"de","@id":"https:\/\/www.emeraude-vacances.com\/contact\/#primaryimage","url":"https:\/\/www.emeraude-vacances.com\/wp-content\/uploads\/carte-campings-ile-d-oleron.png","contentUrl":"https:\/\/www.emeraude-vacances.com\/wp-content\/uploads\/carte-campings-ile-d-oleron.png"},{"@type":"BreadcrumbList","@id":"https:\/\/www.emeraude-vacances.com\/contact\/#breadcrumb","itemListElement":[{"@type":"ListItem","position":1,"name":"Home","item":"https:\/\/www.emeraude-vacances.com\/"},{"@type":"ListItem","position":2,"name":"Contact"}]},{"@type":"WebSite","@id":"https:\/\/www.emeraude-vacances.com\/#website","url":"https:\/\/www.emeraude-vacances.com\/","name":"\u00c9meraudes Vacances","description":"Just another WordPress site","publisher":{"@id":"https:\/\/www.emeraude-vacances.com\/#organization"},"potentialAction":[{"@type":"SearchAction","target":{"@type":"EntryPoint","urlTemplate":"https:\/\/www.emeraude-vacances.com\/?s={search_term_string}"},"query-input":{"@type":"PropertyValueSpecification","valueRequired":true,"valueName":"search_term_string"}}],"inLanguage":"de"},{"@type":"Organization","@id":"https:\/\/www.emeraude-vacances.com\/#organization","name":"\u00c9meraudes Vacances","url":"https:\/\/www.emeraude-vacances.com\/","logo":{"@type":"ImageObject","inLanguage":"de","@id":"https:\/\/www.emeraude-vacances.com\/#\/schema\/logo\/image\/","url":"https:\/\/www.emeraude-vacances.com\/wp-content\/uploads\/cote-d-emeraude.png","contentUrl":"https:\/\/www.emeraude-vacances.com\/wp-content\/uploads\/cote-d-emeraude.png","width":756,"height":378,"caption":"\u00c9meraude Vacances"},"image":{"@id":"https:\/\/www.emeraude-vacances.com\/#\/schema\/logo\/image\/"}}]}},"_links":{"self":[{"href":"https:\/\/www.emeraude-vacances.com\/de\/wp-json\/wp\/v2\/pages\/307","targetHints":{"allow":["GET"]}}],"collection":[{"href":"https:\/\/www.emeraude-vacances.com\/de\/wp-json\/wp\/v2\/pages"}],"about":[{"href":"https:\/\/www.emeraude-vacances.com\/de\/wp-json\/wp\/v2\/types\/page"}],"author":[{"embeddable":true,"href":"https:\/\/www.emeraude-vacances.com\/de\/wp-json\/wp\/v2\/users\/11"}],"replies":[{"embeddable":true,"href":"https:\/\/www.emeraude-vacances.com\/de\/wp-json\/wp\/v2\/comments?post=307"}],"version-history":[{"count":5,"href":"https:\/\/www.emeraude-vacances.com\/de\/wp-json\/wp\/v2\/pages\/307\/revisions"}],"predecessor-version":[{"id":2389,"href":"https:\/\/www.emeraude-vacances.com\/de\/wp-json\/wp\/v2\/pages\/307\/revisions\/2389"}],"wp:attachment":[{"href":"https:\/\/www.emeraude-vacances.com\/de\/wp-json\/wp\/v2\/media?parent=307"}],"curies":[{"name":"wp","href":"https:\/\/api.w.org\/{rel}","templated":true}]}}