{"id":246,"date":"2024-10-05T15:35:53","date_gmt":"2024-10-05T15:35:53","guid":{"rendered":"https:\/\/www.emeraude-vacances.com\/?page_id=246"},"modified":"2026-04-15T14:41:02","modified_gmt":"2026-04-15T14:41:02","slug":"mentions-legales","status":"publish","type":"page","link":"https:\/\/www.emeraude-vacances.com\/de\/mentions-legales\/","title":{"rendered":"Impressum"},"content":{"rendered":"<div data-elementor-type=\"wp-page\" data-elementor-id=\"246\" class=\"elementor elementor-246\" data-elementor-post-type=\"page\">\n\t\t\t\t<div class=\"elementor-element elementor-element-b20b0ce e-flex e-con-boxed e-con e-parent\" data-id=\"b20b0ce\" data-element_type=\"container\" data-settings=\"{&quot;background_background&quot;:&quot;classic&quot;,&quot;shape_divider_bottom&quot;:&quot;wave-brush&quot;}\">\n\t\t\t\t\t<div class=\"e-con-inner\">\n\t\t\t\t<div class=\"elementor-shape elementor-shape-bottom\" aria-hidden=\"true\" data-negative=\"false\">\n\t\t\t<svg xmlns=\"http:\/\/www.w3.org\/2000\/svg\" viewbox=\"0 0 283.5 27.8\" preserveaspectratio=\"none\">\n\t<path class=\"elementor-shape-fill\" d=\"M283.5,9.7c0,0-7.3,4.3-14,4.6c-6.8,0.3-12.6,0-20.9-1.5c-11.3-2-33.1-10.1-44.7-5.7\ts-12.1,4.6-18,7.4c-6.6,3.2-20,9.6-36.6,9.3C131.6,23.5,99.5,7.2,86.3,8c-1.4,0.1-6.6,0.8-10.5,2c-3.8,1.2-9.4,3.8-17,4.7\tc-3.2,0.4-8.3,1.1-14.2,0.9c-1.5-0.1-6.3-0.4-12-1.6c-5.7-1.2-11-3.1-15.8-3.7C6.5,9.2,0,10.8,0,10.8V0h283.5V9.7z M260.8,11.3\tc-0.7-1-2-0.4-4.3-0.4c-2.3,0-6.1-1.2-5.8-1.1c0.3,0.1,3.1,1.5,6,1.9C259.7,12.2,261.4,12.3,260.8,11.3z M242.4,8.6\tc0,0-2.4-0.2-5.6-0.9c-3.2-0.8-10.3-2.8-15.1-3.5c-8.2-1.1-15.8,0-15.1,0.1c0.8,0.1,9.6-0.6,17.6,1.1c3.3,0.7,9.3,2.2,12.4,2.7\tC239.9,8.7,242.4,8.6,242.4,8.6z M185.2,8.5c1.7-0.7-13.3,4.7-18.5,6.1c-2.1,0.6-6.2,1.6-10,2c-3.9,0.4-8.9,0.4-8.8,0.5\tc0,0.2,5.8,0.8,11.2,0c5.4-0.8,5.2-1.1,7.6-1.6C170.5,14.7,183.5,9.2,185.2,8.5z M199.1,6.9c0.2,0-0.8-0.4-4.8,1.1\tc-4,1.5-6.7,3.5-6.9,3.7c-0.2,0.1,3.5-1.8,6.6-3C197,7.5,199,6.9,199.1,6.9z M283,6c-0.1,0.1-1.9,1.1-4.8,2.5s-6.9,2.8-6.7,2.7\tc0.2,0,3.5-0.6,7.4-2.5C282.8,6.8,283.1,5.9,283,6z M31.3,11.6c0.1-0.2-1.9-0.2-4.5-1.2s-5.4-1.6-7.8-2C15,7.6,7.3,8.5,7.7,8.6\tC8,8.7,15.9,8.3,20.2,9.3c2.2,0.5,2.4,0.5,5.7,1.6S31.2,11.9,31.3,11.6z M73,9.2c0.4-0.1,3.5-1.6,8.4-2.6c4.9-1.1,8.9-0.5,8.9-0.8\tc0-0.3-1-0.9-6.2-0.3S72.6,9.3,73,9.2z M71.6,6.7C71.8,6.8,75,5.4,77.3,5c2.3-0.3,1.9-0.5,1.9-0.6c0-0.1-1.1-0.2-2.7,0.2\tC74.8,5.1,71.4,6.6,71.6,6.7z M93.6,4.4c0.1,0.2,3.5,0.8,5.6,1.8c2.1,1,1.8,0.6,1.9,0.5c0.1-0.1-0.8-0.8-2.4-1.3\tC97.1,4.8,93.5,4.2,93.6,4.4z M65.4,11.1c-0.1,0.3,0.3,0.5,1.9-0.2s2.6-1.3,2.2-1.2s-0.9,0.4-2.5,0.8C65.3,10.9,65.5,10.8,65.4,11.1\tz M34.5,12.4c-0.2,0,2.1,0.8,3.3,0.9c1.2,0.1,2,0.1,2-0.2c0-0.3-0.1-0.5-1.6-0.4C36.6,12.8,34.7,12.4,34.5,12.4z M152.2,21.1\tc-0.1,0.1-2.4-0.3-7.5-0.3c-5,0-13.6-2.4-17.2-3.5c-3.6-1.1,10,3.9,16.5,4.1C150.5,21.6,152.3,21,152.2,21.1z\"\/>\n\t<path class=\"elementor-shape-fill\" d=\"M269.6,18c-0.1-0.1-4.6,0.3-7.2,0c-7.3-0.7-17-3.2-16.6-2.9c0.4,0.3,13.7,3.1,17,3.3\tC267.7,18.8,269.7,18,269.6,18z\"\/>\n\t<path class=\"elementor-shape-fill\" d=\"M227.4,9.8c-0.2-0.1-4.5-1-9.5-1.2c-5-0.2-12.7,0.6-12.3,0.5c0.3-0.1,5.9-1.8,13.3-1.2\tS227.6,9.9,227.4,9.8z\"\/>\n\t<path class=\"elementor-shape-fill\" d=\"M204.5,13.4c-0.1-0.1,2-1,3.2-1.1c1.2-0.1,2,0,2,0.3c0,0.3-0.1,0.5-1.6,0.4\tC206.4,12.9,204.6,13.5,204.5,13.4z\"\/>\n\t<path class=\"elementor-shape-fill\" d=\"M201,10.6c0-0.1-4.4,1.2-6.3,2.2c-1.9,0.9-6.2,3.1-6.1,3.1c0.1,0.1,4.2-1.6,6.3-2.6\tS201,10.7,201,10.6z\"\/>\n\t<path class=\"elementor-shape-fill\" d=\"M154.5,26.7c-0.1-0.1-4.6,0.3-7.2,0c-7.3-0.7-17-3.2-16.6-2.9c0.4,0.3,13.7,3.1,17,3.3\tC152.6,27.5,154.6,26.8,154.5,26.7z\"\/>\n\t<path class=\"elementor-shape-fill\" d=\"M41.9,19.3c0,0,1.2-0.3,2.9-0.1c1.7,0.2,5.8,0.9,8.2,0.7c4.2-0.4,7.4-2.7,7-2.6\tc-0.4,0-4.3,2.2-8.6,1.9c-1.8-0.1-5.1-0.5-6.7-0.4S41.9,19.3,41.9,19.3z\"\/>\n\t<path class=\"elementor-shape-fill\" d=\"M75.5,12.6c0.2,0.1,2-0.8,4.3-1.1c2.3-0.2,2.1-0.3,2.1-0.5c0-0.1-1.8-0.4-3.4,0\tC76.9,11.5,75.3,12.5,75.5,12.6z\"\/>\n\t<path class=\"elementor-shape-fill\" d=\"M15.6,13.2c0-0.1,4.3,0,6.7,0.5c2.4,0.5,5,1.9,5,2c0,0.1-2.7-0.8-5.1-1.4\tC19.9,13.7,15.7,13.3,15.6,13.2z\"\/>\n<\/svg>\t\t<\/div>\n\t\t\t\t<div class=\"elementor-element elementor-element-2276a13 elementor-widget elementor-widget-spacer\" data-id=\"2276a13\" data-element_type=\"widget\" data-widget_type=\"spacer.default\">\n\t\t\t\t<div class=\"elementor-widget-container\">\n\t\t\t\t\t\t\t<div class=\"elementor-spacer\">\n\t\t\t<div class=\"elementor-spacer-inner\"><\/div>\n\t\t<\/div>\n\t\t\t\t\t\t<\/div>\n\t\t\t\t<\/div>\n\t\t\t\t<div class=\"elementor-element elementor-element-45a2db2 elementor-widget elementor-widget-spacer\" data-id=\"45a2db2\" data-element_type=\"widget\" data-widget_type=\"spacer.default\">\n\t\t\t\t<div class=\"elementor-widget-container\">\n\t\t\t\t\t\t\t<div class=\"elementor-spacer\">\n\t\t\t<div class=\"elementor-spacer-inner\"><\/div>\n\t\t<\/div>\n\t\t\t\t\t\t<\/div>\n\t\t\t\t<\/div>\n\t\t\t\t\t<\/div>\n\t\t\t\t<\/div>\n\t\t<div class=\"elementor-element elementor-element-20b3ca1 e-flex e-con-boxed e-con e-child\" data-id=\"20b3ca1\" data-element_type=\"container\" data-settings=\"{&quot;background_background&quot;:&quot;classic&quot;}\">\n\t\t\t\t\t<div class=\"e-con-inner\">\n\t\t\t\t<div class=\"elementor-element elementor-element-6a23cfe elementor-widget elementor-widget-spacer\" data-id=\"6a23cfe\" data-element_type=\"widget\" data-widget_type=\"spacer.default\">\n\t\t\t\t<div class=\"elementor-widget-container\">\n\t\t\t\t\t\t\t<div class=\"elementor-spacer\">\n\t\t\t<div class=\"elementor-spacer-inner\"><\/div>\n\t\t<\/div>\n\t\t\t\t\t\t<\/div>\n\t\t\t\t<\/div>\n\t\t\t\t<div class=\"elementor-element elementor-element-a7b7a24 elementor-widget elementor-widget-heading\" data-id=\"a7b7a24\" data-element_type=\"widget\" data-widget_type=\"heading.default\">\n\t\t\t\t<div class=\"elementor-widget-container\">\n\t\t\t\t\t<h2 class=\"elementor-heading-title elementor-size-default\">Verantwortlich f\u00fcr den Inhalt<\/h2>\t\t\t\t<\/div>\n\t\t\t\t<\/div>\n\t\t\t\t<div class=\"elementor-element elementor-element-96e5126 elementor-widget elementor-widget-text-editor\" data-id=\"96e5126\" data-element_type=\"widget\" data-widget_type=\"text-editor.default\">\n\t\t\t\t<div class=\"elementor-widget-container\">\n\t\t\t\t\t\t\t\t\t<p>Freu NERI<\/p><p>SARL \u00c9meraude Vacances<br \/>251 AVENUE DES DUNES <br \/>17650 Saint Denis d\u2019Ol\u00e9ron<br \/>T\u00e9l : <a href=\"tel:+33546478666\">05 46 47 86 66<\/a><\/p><p><a href=\"mailto:contact@emeraude-vacances.com\">contact@emeraude-vacances.com<\/a><br \/><a href=\"https:\/\/www.emeraude-vacances.com\/de\" target=\"_blank\" rel=\"noopener\">emeraude-vacances.com<\/a><\/p><p>SIRET : 42385627700011<\/p>\t\t\t\t\t\t\t\t<\/div>\n\t\t\t\t<\/div>\n\t\t<div class=\"elementor-element elementor-element-99f8fdf e-con-full e-flex e-con e-child\" data-id=\"99f8fdf\" data-element_type=\"container\" data-settings=\"{&quot;background_background&quot;:&quot;classic&quot;}\">\n\t\t\t\t<div class=\"elementor-element elementor-element-592e328 elementor-widget elementor-widget-image\" data-id=\"592e328\" data-element_type=\"widget\" data-widget_type=\"image.default\">\n\t\t\t\t<div class=\"elementor-widget-container\">\n\t\t\t\t\t\t\t\t\t\t\t\t\t\t\t<img decoding=\"async\" width=\"300\" height=\"150\" src=\"https:\/\/www.emeraude-vacances.com\/wp-content\/uploads\/cote-d-emeraude-300x150.png\" class=\"attachment-medium size-medium wp-image-270\" alt=\"\u00c9meraudes Vacances\" srcset=\"https:\/\/www.emeraude-vacances.com\/wp-content\/uploads\/cote-d-emeraude-300x150.png 300w, https:\/\/www.emeraude-vacances.com\/wp-content\/uploads\/cote-d-emeraude.png 756w\" sizes=\"(max-width: 300px) 100vw, 300px\" \/>\t\t\t\t\t\t\t\t\t\t\t\t\t\t\t<\/div>\n\t\t\t\t<\/div>\n\t\t\t\t<\/div>\n\t\t\t\t<div class=\"elementor-element elementor-element-c0b2763 elementor-widget elementor-widget-heading\" data-id=\"c0b2763\" data-element_type=\"widget\" data-widget_type=\"heading.default\">\n\t\t\t\t<div class=\"elementor-widget-container\">\n\t\t\t\t\t<h2 class=\"elementor-heading-title elementor-size-default\">Hosting-Anbieter<\/h2>\t\t\t\t<\/div>\n\t\t\t\t<\/div>\n\t\t\t\t<div class=\"elementor-element elementor-element-769f1d7 elementor-widget elementor-widget-text-editor\" data-id=\"769f1d7\" data-element_type=\"widget\" data-widget_type=\"text-editor.default\">\n\t\t\t\t<div class=\"elementor-widget-container\">\n\t\t\t\t\t\t\t\t\t<p>Sowebio SARL &#8211; Agence web Aquitaine<\/p><p>15 rue du Temple<br \/>17310 St Pierre d\u2019Ol\u00e9ron<br \/>T\u00e9l : <a href=\"tel:+33546855840\" target=\"_blank\" rel=\"noopener\">05 46 85 58 40<\/a><\/p><p><a href=\"mailto:contact@soweb.io\" target=\"_blank\" rel=\"noopener\">contact@soweb.io<\/a><br \/><a href=\"https:\/\/www.soweb.io\" target=\"_blank\" rel=\"noopener\">www.soweb.io<\/a><\/p><p>RCS La Rochelle : 844 060 046<br \/>SIRET : 844016004600019<\/p>\t\t\t\t\t\t\t\t<\/div>\n\t\t\t\t<\/div>\n\t\t<div class=\"elementor-element elementor-element-46f1c3e e-con-full e-flex e-con e-child\" data-id=\"46f1c3e\" data-element_type=\"container\" data-settings=\"{&quot;background_background&quot;:&quot;classic&quot;}\">\n\t\t\t\t<div class=\"elementor-element elementor-element-1394550 elementor-widget elementor-widget-image\" data-id=\"1394550\" data-element_type=\"widget\" data-widget_type=\"image.default\">\n\t\t\t\t<div class=\"elementor-widget-container\">\n\t\t\t\t\t\t\t\t\t\t\t\t\t\t\t<img fetchpriority=\"high\" decoding=\"async\" width=\"398\" height=\"250\" src=\"https:\/\/www.emeraude-vacances.com\/wp-content\/uploads\/logo-sowebio-couleurs-398x250web.png\" class=\"attachment-large size-large wp-image-1415\" alt=\"Sowebio\" srcset=\"https:\/\/www.emeraude-vacances.com\/wp-content\/uploads\/logo-sowebio-couleurs-398x250web.png 398w, https:\/\/www.emeraude-vacances.com\/wp-content\/uploads\/logo-sowebio-couleurs-398x250web-300x188.png 300w, https:\/\/www.emeraude-vacances.com\/wp-content\/uploads\/logo-sowebio-couleurs-398x250web-18x12.png 18w\" sizes=\"(max-width: 398px) 100vw, 398px\" \/>\t\t\t\t\t\t\t\t\t\t\t\t\t\t\t<\/div>\n\t\t\t\t<\/div>\n\t\t\t\t<\/div>\n\t\t\t\t<div class=\"elementor-element elementor-element-ba6d698 elementor-widget elementor-widget-text-editor\" data-id=\"ba6d698\" data-element_type=\"widget\" data-widget_type=\"text-editor.default\">\n\t\t\t\t<div class=\"elementor-widget-container\">\n\t\t\t\t\t\t\t\t\t<p>Der Hosting-Anbieter \u00fcbernimmt den technischen Betrieb der Websites sowie der damit verbundenen Dienste (E-Mail-Server, Cloud-Speicher, statistische Analysen, Backups, Monitoring usw.) mit eigenen physischen Servern und auf Grundlage einer bereichs\u00fcbergreifenden Expertise.<\/p><p>Sowebio verf\u00fcgt \u00fcber ein eigenes europ\u00e4isches Privatnetz mit 2 Gbit\/s, das auf dem Glasfasernetz von OVHcloud basiert.<\/p><p>Gem\u00e4\u00df der DSGVO befindet sich die Infrastruktur ausschlie\u00dflich in Frankreich (Gravelines, Paris, Roubaix, Stra\u00dfburg) und in Europa (Frankfurt), und zwar in den Rechenzentren von OVHcloud, dem f\u00fchrenden europ\u00e4ischen Hosting-Anbieter.<\/p><p>Die Infrastruktur profitiert vom weltweiten Glasfasernetz von OVHcloud sowie von mehreren Dutzend Points of Presence und Rechenzentren auf den wichtigsten Kontinenten. Dar\u00fcber hinaus kommt eine der leistungsf\u00e4higsten Technologien zum Schutz vor verteilten Denial-of-Service-Angriffen auf dem Markt zum Einsatz.<\/p>\t\t\t\t\t\t\t\t<\/div>\n\t\t\t\t<\/div>\n\t\t\t\t<div class=\"elementor-element elementor-element-9eb19a6 elementor-widget elementor-widget-heading\" data-id=\"9eb19a6\" data-element_type=\"widget\" data-widget_type=\"heading.default\">\n\t\t\t\t<div class=\"elementor-widget-container\">\n\t\t\t\t\t<h2 class=\"elementor-heading-title elementor-size-default\">Geistiges Eigentum<\/h2>\t\t\t\t<\/div>\n\t\t\t\t<\/div>\n\t\t\t\t<div class=\"elementor-element elementor-element-a502089 elementor-widget elementor-widget-text-editor\" data-id=\"a502089\" data-element_type=\"widget\" data-widget_type=\"text-editor.default\">\n\t\t\t\t<div class=\"elementor-widget-container\">\n\t\t\t\t\t\t\t\t\t<p>Die Website sowie die Elemente, aus denen sie besteht, k\u00f6nnen vertrauliche Informationen oder Informationen enthalten, die nach den Vorschriften zum geistigen Eigentum oder nach sonstigen anwendbaren gesetzlichen Bestimmungen gesch\u00fctzt sind.<\/p><p>Die Rechte am geistigen Eigentum an den urspr\u00fcnglichen Inhalten der Website stehen ausschlie\u00dflich dem Herausgeber zu. Dem Nutzer der Website ist es strengstens untersagt, Bestandteile der Website in irgendeiner Form zu kopieren, zu \u00e4ndern, abgeleitete Werke zu erstellen, zusammenzuf\u00fcgen, zu dekompilieren, abzutreten, unterzulizenzieren oder zu \u00fcbertragen.<\/p>\t\t\t\t\t\t\t\t<\/div>\n\t\t\t\t<\/div>\n\t\t\t\t<div class=\"elementor-element elementor-element-140f003 elementor-widget elementor-widget-heading\" data-id=\"140f003\" data-element_type=\"widget\" data-widget_type=\"heading.default\">\n\t\t\t\t<div class=\"elementor-widget-container\">\n\t\t\t\t\t<h2 class=\"elementor-heading-title elementor-size-default\">Bildnachweise &amp; Urheberrechte<\/h2>\t\t\t\t<\/div>\n\t\t\t\t<\/div>\n\t\t\t\t<div class=\"elementor-element elementor-element-b69b0b5 elementor-widget elementor-widget-text-editor\" data-id=\"b69b0b5\" data-element_type=\"widget\" data-widget_type=\"text-editor.default\">\n\t\t\t\t<div class=\"elementor-widget-container\">\n\t\t\t\t\t\t\t\t\t<p>\u00c9meraude Vacances, 123rf, Sowebio.<\/p>\t\t\t\t\t\t\t\t<\/div>\n\t\t\t\t<\/div>\n\t\t\t\t\t<\/div>\n\t\t\t\t<\/div>\n\t\t\t\t<\/div>","protected":false},"excerpt":{"rendered":"<p>\u00c9diteur de la publication NERI SARL \u00c9meraude Vacances251 AVENUE DES DUNES 17650 Saint Denis d\u2019Ol\u00e9ronT\u00e9l : 05 46 47 86 66 contact@emeraude-vacances.comemeraude-vacances.com SIRET : 42385627700011 H\u00e9bergeur Sowebio SARL &#8211; Agence web Aquitaine 15 rue du Temple17310 St Pierre d\u2019Ol\u00e9ronT\u00e9l : 05 46 85 58 40 contact@soweb.iowww.soweb.io RCS La Rochelle : 844 060 046SIRET : 844016004600019 [&hellip;]<\/p>\n","protected":false},"author":9,"featured_media":0,"parent":0,"menu_order":0,"comment_status":"closed","ping_status":"closed","template":"","meta":{"footnotes":""},"class_list":["post-246","page","type-page","status-publish","hentry"],"yoast_head":"<!-- This site is optimized with the Yoast SEO plugin v27.4 - https:\/\/yoast.com\/product\/yoast-seo-wordpress\/ -->\n<title>Mentions l\u00e9gales - \u00c9meraude Vacances<\/title>\n<meta name=\"robots\" content=\"index, follow, max-snippet:-1, max-image-preview:large, max-video-preview:-1\" \/>\n<link rel=\"canonical\" href=\"https:\/\/www.emeraude-vacances.com\/de\/mentions-legales\/\" \/>\n<meta property=\"og:locale\" content=\"de_DE\" \/>\n<meta property=\"og:type\" content=\"article\" \/>\n<meta property=\"og:title\" content=\"Mentions l\u00e9gales - \u00c9meraude Vacances\" \/>\n<meta property=\"og:description\" content=\"\u00c9diteur de la publication NERI SARL \u00c9meraude Vacances251 AVENUE DES DUNES 17650 Saint Denis d\u2019Ol\u00e9ronT\u00e9l : 05 46 47 86 66 contact@emeraude-vacances.comemeraude-vacances.com SIRET : 42385627700011 H\u00e9bergeur Sowebio SARL &#8211; Agence web Aquitaine 15 rue du Temple17310 St Pierre d\u2019Ol\u00e9ronT\u00e9l : 05 46 85 58 40 contact@soweb.iowww.soweb.io RCS La Rochelle : 844 060 046SIRET : 844016004600019 [&hellip;]\" \/>\n<meta property=\"og:url\" content=\"https:\/\/www.emeraude-vacances.com\/de\/mentions-legales\/\" \/>\n<meta property=\"og:site_name\" content=\"\u00c9meraude Vacances\" \/>\n<meta property=\"article:modified_time\" content=\"2026-04-15T14:41:02+00:00\" \/>\n<meta property=\"og:image\" content=\"https:\/\/www.emeraude-vacances.com\/wp-content\/uploads\/cote-d-emeraude.png\" \/>\n\t<meta property=\"og:image:width\" content=\"756\" \/>\n\t<meta property=\"og:image:height\" content=\"378\" \/>\n\t<meta property=\"og:image:type\" content=\"image\/png\" \/>\n<meta name=\"twitter:card\" content=\"summary_large_image\" \/>\n<meta name=\"twitter:label1\" content=\"Gesch\u00e4tzte Lesezeit\" \/>\n\t<meta name=\"twitter:data1\" content=\"2\u00a0Minuten\" \/>\n<script type=\"application\/ld+json\" class=\"yoast-schema-graph\">{\"@context\":\"https:\\\/\\\/schema.org\",\"@graph\":[{\"@type\":\"WebPage\",\"@id\":\"https:\\\/\\\/www.emeraude-vacances.com\\\/mentions-legales\\\/\",\"url\":\"https:\\\/\\\/www.emeraude-vacances.com\\\/mentions-legales\\\/\",\"name\":\"Mentions l\u00e9gales - \u00c9meraude Vacances\",\"isPartOf\":{\"@id\":\"https:\\\/\\\/www.emeraude-vacances.com\\\/#website\"},\"primaryImageOfPage\":{\"@id\":\"https:\\\/\\\/www.emeraude-vacances.com\\\/mentions-legales\\\/#primaryimage\"},\"image\":{\"@id\":\"https:\\\/\\\/www.emeraude-vacances.com\\\/mentions-legales\\\/#primaryimage\"},\"thumbnailUrl\":\"https:\\\/\\\/www.emeraude-vacances.com\\\/wp-content\\\/uploads\\\/cote-d-emeraude-300x150.png\",\"datePublished\":\"2024-10-05T15:35:53+00:00\",\"dateModified\":\"2026-04-15T14:41:02+00:00\",\"breadcrumb\":{\"@id\":\"https:\\\/\\\/www.emeraude-vacances.com\\\/mentions-legales\\\/#breadcrumb\"},\"inLanguage\":\"de\",\"potentialAction\":[{\"@type\":\"ReadAction\",\"target\":[\"https:\\\/\\\/www.emeraude-vacances.com\\\/mentions-legales\\\/\"]}]},{\"@type\":\"ImageObject\",\"inLanguage\":\"de\",\"@id\":\"https:\\\/\\\/www.emeraude-vacances.com\\\/mentions-legales\\\/#primaryimage\",\"url\":\"https:\\\/\\\/www.emeraude-vacances.com\\\/wp-content\\\/uploads\\\/cote-d-emeraude-300x150.png\",\"contentUrl\":\"https:\\\/\\\/www.emeraude-vacances.com\\\/wp-content\\\/uploads\\\/cote-d-emeraude-300x150.png\"},{\"@type\":\"BreadcrumbList\",\"@id\":\"https:\\\/\\\/www.emeraude-vacances.com\\\/mentions-legales\\\/#breadcrumb\",\"itemListElement\":[{\"@type\":\"ListItem\",\"position\":1,\"name\":\"Home\",\"item\":\"https:\\\/\\\/www.emeraude-vacances.com\\\/\"},{\"@type\":\"ListItem\",\"position\":2,\"name\":\"Mentions l\u00e9gales\"}]},{\"@type\":\"WebSite\",\"@id\":\"https:\\\/\\\/www.emeraude-vacances.com\\\/#website\",\"url\":\"https:\\\/\\\/www.emeraude-vacances.com\\\/\",\"name\":\"\u00c9meraude Vacances\",\"description\":\"Just another WordPress site\",\"publisher\":{\"@id\":\"https:\\\/\\\/www.emeraude-vacances.com\\\/#organization\"},\"potentialAction\":[{\"@type\":\"SearchAction\",\"target\":{\"@type\":\"EntryPoint\",\"urlTemplate\":\"https:\\\/\\\/www.emeraude-vacances.com\\\/?s={search_term_string}\"},\"query-input\":{\"@type\":\"PropertyValueSpecification\",\"valueRequired\":true,\"valueName\":\"search_term_string\"}}],\"inLanguage\":\"de\"},{\"@type\":\"Organization\",\"@id\":\"https:\\\/\\\/www.emeraude-vacances.com\\\/#organization\",\"name\":\"\u00c9meraude Vacances\",\"url\":\"https:\\\/\\\/www.emeraude-vacances.com\\\/\",\"logo\":{\"@type\":\"ImageObject\",\"inLanguage\":\"de\",\"@id\":\"https:\\\/\\\/www.emeraude-vacances.com\\\/#\\\/schema\\\/logo\\\/image\\\/\",\"url\":\"https:\\\/\\\/www.emeraude-vacances.com\\\/wp-content\\\/uploads\\\/cote-d-emeraude.png\",\"contentUrl\":\"https:\\\/\\\/www.emeraude-vacances.com\\\/wp-content\\\/uploads\\\/cote-d-emeraude.png\",\"width\":756,\"height\":378,\"caption\":\"\u00c9meraude Vacances\"},\"image\":{\"@id\":\"https:\\\/\\\/www.emeraude-vacances.com\\\/#\\\/schema\\\/logo\\\/image\\\/\"}}]}<\/script>\n<!-- \/ Yoast SEO plugin. -->","yoast_head_json":{"title":"Mentions l\u00e9gales - \u00c9meraude Vacances","robots":{"index":"index","follow":"follow","max-snippet":"max-snippet:-1","max-image-preview":"max-image-preview:large","max-video-preview":"max-video-preview:-1"},"canonical":"https:\/\/www.emeraude-vacances.com\/de\/mentions-legales\/","og_locale":"de_DE","og_type":"article","og_title":"Mentions l\u00e9gales - \u00c9meraude Vacances","og_description":"\u00c9diteur de la publication NERI SARL \u00c9meraude Vacances251 AVENUE DES DUNES 17650 Saint Denis d\u2019Ol\u00e9ronT\u00e9l : 05 46 47 86 66 contact@emeraude-vacances.comemeraude-vacances.com SIRET : 42385627700011 H\u00e9bergeur Sowebio SARL &#8211; Agence web Aquitaine 15 rue du Temple17310 St Pierre d\u2019Ol\u00e9ronT\u00e9l : 05 46 85 58 40 contact@soweb.iowww.soweb.io RCS La Rochelle : 844 060 046SIRET : 844016004600019 [&hellip;]","og_url":"https:\/\/www.emeraude-vacances.com\/de\/mentions-legales\/","og_site_name":"\u00c9meraude Vacances","article_modified_time":"2026-04-15T14:41:02+00:00","og_image":[{"width":756,"height":378,"url":"https:\/\/www.emeraude-vacances.com\/wp-content\/uploads\/cote-d-emeraude.png","type":"image\/png"}],"twitter_card":"summary_large_image","twitter_misc":{"Gesch\u00e4tzte Lesezeit":"2\u00a0Minuten"},"schema":{"@context":"https:\/\/schema.org","@graph":[{"@type":"WebPage","@id":"https:\/\/www.emeraude-vacances.com\/mentions-legales\/","url":"https:\/\/www.emeraude-vacances.com\/mentions-legales\/","name":"Mentions l\u00e9gales - \u00c9meraude Vacances","isPartOf":{"@id":"https:\/\/www.emeraude-vacances.com\/#website"},"primaryImageOfPage":{"@id":"https:\/\/www.emeraude-vacances.com\/mentions-legales\/#primaryimage"},"image":{"@id":"https:\/\/www.emeraude-vacances.com\/mentions-legales\/#primaryimage"},"thumbnailUrl":"https:\/\/www.emeraude-vacances.com\/wp-content\/uploads\/cote-d-emeraude-300x150.png","datePublished":"2024-10-05T15:35:53+00:00","dateModified":"2026-04-15T14:41:02+00:00","breadcrumb":{"@id":"https:\/\/www.emeraude-vacances.com\/mentions-legales\/#breadcrumb"},"inLanguage":"de","potentialAction":[{"@type":"ReadAction","target":["https:\/\/www.emeraude-vacances.com\/mentions-legales\/"]}]},{"@type":"ImageObject","inLanguage":"de","@id":"https:\/\/www.emeraude-vacances.com\/mentions-legales\/#primaryimage","url":"https:\/\/www.emeraude-vacances.com\/wp-content\/uploads\/cote-d-emeraude-300x150.png","contentUrl":"https:\/\/www.emeraude-vacances.com\/wp-content\/uploads\/cote-d-emeraude-300x150.png"},{"@type":"BreadcrumbList","@id":"https:\/\/www.emeraude-vacances.com\/mentions-legales\/#breadcrumb","itemListElement":[{"@type":"ListItem","position":1,"name":"Home","item":"https:\/\/www.emeraude-vacances.com\/"},{"@type":"ListItem","position":2,"name":"Mentions l\u00e9gales"}]},{"@type":"WebSite","@id":"https:\/\/www.emeraude-vacances.com\/#website","url":"https:\/\/www.emeraude-vacances.com\/","name":"\u00c9meraudes Vacances","description":"Just another WordPress site","publisher":{"@id":"https:\/\/www.emeraude-vacances.com\/#organization"},"potentialAction":[{"@type":"SearchAction","target":{"@type":"EntryPoint","urlTemplate":"https:\/\/www.emeraude-vacances.com\/?s={search_term_string}"},"query-input":{"@type":"PropertyValueSpecification","valueRequired":true,"valueName":"search_term_string"}}],"inLanguage":"de"},{"@type":"Organization","@id":"https:\/\/www.emeraude-vacances.com\/#organization","name":"\u00c9meraudes Vacances","url":"https:\/\/www.emeraude-vacances.com\/","logo":{"@type":"ImageObject","inLanguage":"de","@id":"https:\/\/www.emeraude-vacances.com\/#\/schema\/logo\/image\/","url":"https:\/\/www.emeraude-vacances.com\/wp-content\/uploads\/cote-d-emeraude.png","contentUrl":"https:\/\/www.emeraude-vacances.com\/wp-content\/uploads\/cote-d-emeraude.png","width":756,"height":378,"caption":"\u00c9meraude Vacances"},"image":{"@id":"https:\/\/www.emeraude-vacances.com\/#\/schema\/logo\/image\/"}}]}},"_links":{"self":[{"href":"https:\/\/www.emeraude-vacances.com\/de\/wp-json\/wp\/v2\/pages\/246","targetHints":{"allow":["GET"]}}],"collection":[{"href":"https:\/\/www.emeraude-vacances.com\/de\/wp-json\/wp\/v2\/pages"}],"about":[{"href":"https:\/\/www.emeraude-vacances.com\/de\/wp-json\/wp\/v2\/types\/page"}],"author":[{"embeddable":true,"href":"https:\/\/www.emeraude-vacances.com\/de\/wp-json\/wp\/v2\/users\/9"}],"replies":[{"embeddable":true,"href":"https:\/\/www.emeraude-vacances.com\/de\/wp-json\/wp\/v2\/comments?post=246"}],"version-history":[{"count":5,"href":"https:\/\/www.emeraude-vacances.com\/de\/wp-json\/wp\/v2\/pages\/246\/revisions"}],"predecessor-version":[{"id":2459,"href":"https:\/\/www.emeraude-vacances.com\/de\/wp-json\/wp\/v2\/pages\/246\/revisions\/2459"}],"wp:attachment":[{"href":"https:\/\/www.emeraude-vacances.com\/de\/wp-json\/wp\/v2\/media?parent=246"}],"curies":[{"name":"wp","href":"https:\/\/api.w.org\/{rel}","templated":true}]}}